{"id":7786,"date":"2023-01-31T23:16:46","date_gmt":"2023-01-31T22:16:46","guid":{"rendered":"http:\/\/hestia-globaltrade.com\/?page_id=7786"},"modified":"2023-02-05T23:18:54","modified_gmt":"2023-02-05T22:18:54","slug":"nous-faire-confiance","status":"publish","type":"page","link":"https:\/\/hestia-globaltrade.com\/index.php\/nous-faire-confiance\/","title":{"rendered":"Nous faire confiance"},"content":{"rendered":"\t\t<div data-elementor-type=\"wp-page\" data-elementor-id=\"7786\" class=\"elementor elementor-7786\">\n\t\t\t\t\t\t\t\t\t<section class=\"elementor-section elementor-top-section elementor-element elementor-element-0f59842 elementor-section-boxed elementor-section-height-default elementor-section-height-default\" data-id=\"0f59842\" data-element_type=\"section\">\n\t\t\t\t\t\t<div class=\"elementor-container elementor-column-gap-default\">\n\t\t\t\t\t<div class=\"elementor-column elementor-col-100 elementor-top-column elementor-element elementor-element-bb50803\" data-id=\"bb50803\" data-element_type=\"column\">\n\t\t\t<div class=\"elementor-widget-wrap elementor-element-populated\">\n\t\t\t\t\t\t\t\t<div class=\"elementor-element elementor-element-483b41e elementor-widget elementor-widget-heading\" data-id=\"483b41e\" data-element_type=\"widget\" data-widget_type=\"heading.default\">\n\t\t\t\t<div class=\"elementor-widget-container\">\n\t\t\t<style>\/*! elementor - v3.11.2 - 22-02-2023 *\/\n.elementor-heading-title{padding:0;margin:0;line-height:1}.elementor-widget-heading .elementor-heading-title[class*=elementor-size-]>a{color:inherit;font-size:inherit;line-height:inherit}.elementor-widget-heading .elementor-heading-title.elementor-size-small{font-size:15px}.elementor-widget-heading .elementor-heading-title.elementor-size-medium{font-size:19px}.elementor-widget-heading .elementor-heading-title.elementor-size-large{font-size:29px}.elementor-widget-heading .elementor-heading-title.elementor-size-xl{font-size:39px}.elementor-widget-heading .elementor-heading-title.elementor-size-xxl{font-size:59px}<\/style><div class=\"elementor-heading-wrapper\" ><div class=\"elementor-heading-wrapper-inner\"><h2 class=\"elementor-heading-title elementor-size-default\">Pourquoi nous faire confiance\n<\/h2><\/div><\/div>\t\t<\/div>\n\t\t\t\t<\/div>\n\t\t\t\t<div class=\"elementor-element elementor-element-5ff8861 elementor-widget elementor-widget-text-editor\" data-id=\"5ff8861\" data-element_type=\"widget\" data-widget_type=\"text-editor.default\">\n\t\t\t\t<div class=\"elementor-widget-container\">\n\t\t\t<style>\/*! elementor - v3.11.2 - 22-02-2023 *\/\n.elementor-widget-text-editor.elementor-drop-cap-view-stacked .elementor-drop-cap{background-color:#818a91;color:#fff}.elementor-widget-text-editor.elementor-drop-cap-view-framed .elementor-drop-cap{color:#818a91;border:3px solid;background-color:transparent}.elementor-widget-text-editor:not(.elementor-drop-cap-view-default) .elementor-drop-cap{margin-top:8px}.elementor-widget-text-editor:not(.elementor-drop-cap-view-default) .elementor-drop-cap-letter{width:1em;height:1em}.elementor-widget-text-editor .elementor-drop-cap{float:left;text-align:center;line-height:1;font-size:50px}.elementor-widget-text-editor .elementor-drop-cap-letter{display:inline-block}<\/style>        <div class=\"elementor-text-editor elementor-clearfix\"><p class=\"p1\">Envie de vous installer dans une r\u00e9sidence privil\u00e9gi\u00e9e ? Vous r\u00eavez de confort et de s\u00e9curit\u00e9?<\/p><p class=\"p1\">Les r\u00e9sidences HESTIA vous propose un large panel de programmes immobiliers haut de gamme dans l\u2019une des nouvelles villes les plus convoit\u00e9es du S\u00e9n\u00e9gal, DIAMNIADIO.<\/p><p class=\"p1\">Investir dans les r\u00e9sidences HESTIA, c\u2019est investir dans un projet innovant, pr\u00e9curseur dans le domaine de la construction durable. Un projet de grande envergure situ\u00e9 au c\u0153ur d\u2019une ville en pleine expansion.<\/p><p class=\"p1\">Investir dans nos r\u00e9sidences, c\u2019est faire le choix :<\/p><ul class=\"ul1\"><li class=\"li1\">Des r\u00e9sidences de qualit\u00e9s,<\/li><li class=\"li1\">Des r\u00e9sidences qui offrent un cadre de vie particuli\u00e8rement attractif et lucratif,<\/li><li class=\"li1\">D\u2019offres et d\u2019avantages que l\u2019on ne retrouve pas dans l\u2019investissement en r\u00e9sidence classique.<\/li><\/ul><\/div>\n        \t\t<\/div>\n\t\t\t\t<\/div>\n\t\t\t\t\t<\/div>\n\t\t<\/div>\n\t\t\t\t\t\t\t<\/div>\n\t\t<\/section>\n\t\t\t\t\t\t\t<\/div>\n\t\t","protected":false},"excerpt":{"rendered":"<p>Pourquoi nous faire confiance Envie de vous installer dans une r\u00e9sidence privil\u00e9gi\u00e9e ? Vous r\u00eavez de confort et de s\u00e9curit\u00e9? Les r\u00e9sidences HESTIA vous propose un large panel de programmes immobiliers haut de gamme dans l\u2019une des nouvelles villes les plus convoit\u00e9es du S\u00e9n\u00e9gal, DIAMNIADIO. Investir dans les r\u00e9sidences HESTIA, c\u2019est investir dans un projet &hellip; <\/p>\n<p class=\"link-more\"><a href=\"https:\/\/hestia-globaltrade.com\/index.php\/nous-faire-confiance\/\" class=\"more-link\">Read More <span class=\"screen-reader-text\"> &#8220;Nous faire confiance&#8221;<\/span><\/a><\/p>\n","protected":false},"author":1,"featured_media":0,"parent":0,"menu_order":0,"comment_status":"closed","ping_status":"closed","template":"","meta":{"inline_featured_image":false,"footnotes":""},"class_list":["post-7786","page","type-page","status-publish","hentry"],"_links":{"self":[{"href":"https:\/\/hestia-globaltrade.com\/index.php\/wp-json\/wp\/v2\/pages\/7786","targetHints":{"allow":["GET"]}}],"collection":[{"href":"https:\/\/hestia-globaltrade.com\/index.php\/wp-json\/wp\/v2\/pages"}],"about":[{"href":"https:\/\/hestia-globaltrade.com\/index.php\/wp-json\/wp\/v2\/types\/page"}],"author":[{"embeddable":true,"href":"https:\/\/hestia-globaltrade.com\/index.php\/wp-json\/wp\/v2\/users\/1"}],"replies":[{"embeddable":true,"href":"https:\/\/hestia-globaltrade.com\/index.php\/wp-json\/wp\/v2\/comments?post=7786"}],"version-history":[{"count":5,"href":"https:\/\/hestia-globaltrade.com\/index.php\/wp-json\/wp\/v2\/pages\/7786\/revisions"}],"predecessor-version":[{"id":7893,"href":"https:\/\/hestia-globaltrade.com\/index.php\/wp-json\/wp\/v2\/pages\/7786\/revisions\/7893"}],"wp:attachment":[{"href":"https:\/\/hestia-globaltrade.com\/index.php\/wp-json\/wp\/v2\/media?parent=7786"}],"curies":[{"name":"wp","href":"https:\/\/api.w.org\/{rel}","templated":true}]}}