{"id":1140,"date":"2019-10-31T02:23:08","date_gmt":"2019-10-31T02:23:08","guid":{"rendered":"https:\/\/demo2wpopal.b-cdn.net\/rehomes\/?page_id=1140"},"modified":"2023-01-31T22:43:29","modified_gmt":"2023-01-31T21:43:29","slug":"diamniadio","status":"publish","type":"page","link":"https:\/\/hestia-globaltrade.com\/index.php\/diamniadio\/","title":{"rendered":"Diamniadio"},"content":{"rendered":"\t\t<div data-elementor-type=\"wp-page\" data-elementor-id=\"1140\" class=\"elementor elementor-1140\">\n\t\t\t\t\t\t\t\t\t<section class=\"elementor-section elementor-top-section elementor-element elementor-element-9acdefa elementor-section-stretched elementor-section-boxed elementor-section-height-default elementor-section-height-default elementor-invisible\" data-id=\"9acdefa\" data-element_type=\"section\" data-settings=\"{&quot;stretch_section&quot;:&quot;section-stretched&quot;,&quot;animation&quot;:&quot;opal-move-up&quot;}\">\n\t\t\t\t\t\t<div class=\"elementor-container elementor-column-gap-no\">\n\t\t\t\t\t<div class=\"elementor-column elementor-col-100 elementor-top-column elementor-element elementor-element-9e762ad\" data-id=\"9e762ad\" data-element_type=\"column\">\n\t\t\t<div class=\"elementor-widget-wrap elementor-element-populated\">\n\t\t\t\t\t\t\t\t<div class=\"elementor-element elementor-element-c8f6ff9 elementor-widget elementor-widget-heading\" data-id=\"c8f6ff9\" data-element_type=\"widget\" data-widget_type=\"heading.default\">\n\t\t\t\t<div class=\"elementor-widget-container\">\n\t\t\t<style>\/*! elementor - v3.11.2 - 22-02-2023 *\/\n.elementor-heading-title{padding:0;margin:0;line-height:1}.elementor-widget-heading .elementor-heading-title[class*=elementor-size-]>a{color:inherit;font-size:inherit;line-height:inherit}.elementor-widget-heading .elementor-heading-title.elementor-size-small{font-size:15px}.elementor-widget-heading .elementor-heading-title.elementor-size-medium{font-size:19px}.elementor-widget-heading .elementor-heading-title.elementor-size-large{font-size:29px}.elementor-widget-heading .elementor-heading-title.elementor-size-xl{font-size:39px}.elementor-widget-heading .elementor-heading-title.elementor-size-xxl{font-size:59px}<\/style><div class=\"elementor-heading-wrapper\" ><div class=\"elementor-heading-wrapper-inner\"><h3 class=\"elementor-heading-title elementor-size-default\">DIAMNIADIO, UNE VILLE EN PLEIN ESSOR<\/h3><\/div><\/div>\t\t<\/div>\n\t\t\t\t<\/div>\n\t\t\t\t\t<\/div>\n\t\t<\/div>\n\t\t\t\t\t\t\t<\/div>\n\t\t<\/section>\n\t\t\t\t<section class=\"elementor-section elementor-top-section elementor-element elementor-element-db8fdb0 elementor-section-boxed elementor-section-height-default elementor-section-height-default\" data-id=\"db8fdb0\" data-element_type=\"section\">\n\t\t\t\t\t\t<div class=\"elementor-container elementor-column-gap-default\">\n\t\t\t\t\t<div class=\"elementor-column elementor-col-100 elementor-top-column elementor-element elementor-element-2bbf2b6\" data-id=\"2bbf2b6\" data-element_type=\"column\">\n\t\t\t<div class=\"elementor-widget-wrap elementor-element-populated\">\n\t\t\t\t\t\t\t\t<div class=\"elementor-element elementor-element-36549fa elementor-view-default elementor-position-top icon-box-default elementor-vertical-align-top elementor-widget elementor-widget-icon-box\" data-id=\"36549fa\" data-element_type=\"widget\" data-widget_type=\"icon-box.default\">\n\t\t\t\t<div class=\"elementor-widget-container\">\n\t\t\t<link rel=\"stylesheet\" href=\"http:\/\/hestia-globaltrade.com\/wp-content\/plugins\/elementor\/assets\/css\/widget-icon-box.min.css\">        <div class=\"elementor-icon-box-wrapper elementor-button-\">\n                <div class=\"elementor-icon-box-icon\">\n        <span class=\"elementor-icon elementor-animation-\" >\n                    <i class=\"opal-icon- opal-icon-product opal-custom\" aria-hidden=\"true\"><\/i>\n                <\/span>\n        <\/div>\n            <div class=\"elementor-icon-box-content\">\n        <h4 class=\"elementor-icon-box-title\">\n        <span >Implantation strat\u00e9gique<\/span>\n        <\/h4>\n\n        <p class=\"elementor-icon-box-description\">Diamniadio est une commune de la grande r\u00e9gion de Dakar, qui s\u2019\u00e9tend sur 1 700 hectares \u00e0 environ 30 kilom\u00e8tres au sud-ouest de la capitale, et \u00e0 15 km du nouvel a\u00e9roport international Blaise Diagne (AIBD).<\/p>\n\n        \n        <\/div>\n        <\/div>\n        \t\t<\/div>\n\t\t\t\t<\/div>\n\t\t\t\t\t<\/div>\n\t\t<\/div>\n\t\t\t\t\t\t\t<\/div>\n\t\t<\/section>\n\t\t\t\t<section class=\"elementor-section elementor-top-section elementor-element elementor-element-8ffe9d9 elementor-section-boxed elementor-section-height-default elementor-section-height-default\" data-id=\"8ffe9d9\" data-element_type=\"section\">\n\t\t\t\t\t\t<div class=\"elementor-container elementor-column-gap-default\">\n\t\t\t\t\t<div class=\"elementor-column elementor-col-100 elementor-top-column elementor-element elementor-element-69190c4\" data-id=\"69190c4\" data-element_type=\"column\">\n\t\t\t<div class=\"elementor-widget-wrap elementor-element-populated\">\n\t\t\t\t\t\t\t\t<div class=\"elementor-element elementor-element-b25e084 elementor-view-default elementor-position-top icon-box-default elementor-vertical-align-top elementor-widget elementor-widget-icon-box\" data-id=\"b25e084\" data-element_type=\"widget\" data-widget_type=\"icon-box.default\">\n\t\t\t\t<div class=\"elementor-widget-container\">\n\t\t\t        <div class=\"elementor-icon-box-wrapper elementor-button-\">\n                <div class=\"elementor-icon-box-icon\">\n        <span class=\"elementor-icon elementor-animation-\" >\n                    <i class=\"opal-icon- opal-icon-garden opal-custom\" aria-hidden=\"true\"><\/i>\n                <\/span>\n        <\/div>\n            <div class=\"elementor-icon-box-content\">\n        <h4 class=\"elementor-icon-box-title\">\n        <span >Smart city<\/span>\n        <\/h4>\n\n        <p class=\"elementor-icon-box-description\">Diamniadio est au c\u0153ur d\u2019un important projet d\u2019am\u00e9nagement urbain. Il s\u2019agit de r\u00e9aliser une \u00ab Smart City \u00bb permettant d\u2019accueillir de nouvelles activit\u00e9s tertiaires, industrielles et commerciales, de d\u00e9localiser les institutions administratives (minist\u00e8res notamment) et de mettre en place un cadre propice \u00e0 la r\u00e9alisation d\u2019\u00e9quipements marchands en partenariat avec le secteur priv\u00e9.\n\nDe futurs ouvrages y compris les r\u00e9sidences HESTIA, seront implant\u00e9s en face du Centre International de Conf\u00e9rence Abdou Diouf (CICAD).<\/p>\n\n        \n        <\/div>\n        <\/div>\n        \t\t<\/div>\n\t\t\t\t<\/div>\n\t\t\t\t\t<\/div>\n\t\t<\/div>\n\t\t\t\t\t\t\t<\/div>\n\t\t<\/section>\n\t\t\t\t\t\t\t<\/div>\n\t\t","protected":false},"excerpt":{"rendered":"<p>DIAMNIADIO, UNE VILLE EN PLEIN ESSOR Implantation strat\u00e9gique Diamniadio est une commune de la grande r\u00e9gion de Dakar, qui s\u2019\u00e9tend sur 1 700 hectares \u00e0 environ 30 kilom\u00e8tres au sud-ouest de la capitale, et \u00e0 15 km du nouvel a\u00e9roport international Blaise Diagne (AIBD). Smart city Diamniadio est au c\u0153ur d\u2019un important projet d\u2019am\u00e9nagement urbain. &hellip; <\/p>\n<p class=\"link-more\"><a href=\"https:\/\/hestia-globaltrade.com\/index.php\/diamniadio\/\" class=\"more-link\">Read More <span class=\"screen-reader-text\"> &#8220;Diamniadio&#8221;<\/span><\/a><\/p>\n","protected":false},"author":2,"featured_media":0,"parent":0,"menu_order":0,"comment_status":"closed","ping_status":"closed","template":"page-elementor.php","meta":{"inline_featured_image":false,"footnotes":""},"class_list":["post-1140","page","type-page","status-publish","hentry"],"_links":{"self":[{"href":"https:\/\/hestia-globaltrade.com\/index.php\/wp-json\/wp\/v2\/pages\/1140","targetHints":{"allow":["GET"]}}],"collection":[{"href":"https:\/\/hestia-globaltrade.com\/index.php\/wp-json\/wp\/v2\/pages"}],"about":[{"href":"https:\/\/hestia-globaltrade.com\/index.php\/wp-json\/wp\/v2\/types\/page"}],"author":[{"embeddable":true,"href":"https:\/\/hestia-globaltrade.com\/index.php\/wp-json\/wp\/v2\/users\/2"}],"replies":[{"embeddable":true,"href":"https:\/\/hestia-globaltrade.com\/index.php\/wp-json\/wp\/v2\/comments?post=1140"}],"version-history":[{"count":29,"href":"https:\/\/hestia-globaltrade.com\/index.php\/wp-json\/wp\/v2\/pages\/1140\/revisions"}],"predecessor-version":[{"id":7775,"href":"https:\/\/hestia-globaltrade.com\/index.php\/wp-json\/wp\/v2\/pages\/1140\/revisions\/7775"}],"wp:attachment":[{"href":"https:\/\/hestia-globaltrade.com\/index.php\/wp-json\/wp\/v2\/media?parent=1140"}],"curies":[{"name":"wp","href":"https:\/\/api.w.org\/{rel}","templated":true}]}}